{"id":57,"date":"2026-03-05T16:32:09","date_gmt":"2026-03-05T13:32:09","guid":{"rendered":"https:\/\/ozarslan.losmedya.com.tr\/index.php\/urun\/41-kirmizi-gul-dating\/"},"modified":"2026-03-05T22:15:31","modified_gmt":"2026-03-05T19:15:31","slug":"41-kirmizi-gul-dating","status":"publish","type":"product","link":"https:\/\/sadecicek.com.tr\/index.php\/urun\/41-kirmizi-gul-dating\/","title":{"rendered":"41 k\u0131rm\u0131z\u0131 g\u00fcl dating"},"content":{"rendered":"<p>\u00dcr\u00fcn\u00fcn boyutu 40-45 cm<\/p>\n","protected":false},"excerpt":{"rendered":"<p>\u00dcr\u00fcn\u00fcn boyutu 40-45 cm<\/p>\n","protected":false},"featured_media":96,"comment_status":"open","ping_status":"closed","template":"","meta":[],"product_brand":[],"product_cat":[15],"product_tag":[],"class_list":{"0":"post-57","1":"product","2":"type-product","3":"status-publish","4":"has-post-thumbnail","6":"product_cat-genel","8":"first","9":"instock","10":"shipping-taxable","11":"purchasable","12":"product-type-simple"},"_links":{"self":[{"href":"https:\/\/sadecicek.com.tr\/index.php\/wp-json\/wp\/v2\/product\/57","targetHints":{"allow":["GET"]}}],"collection":[{"href":"https:\/\/sadecicek.com.tr\/index.php\/wp-json\/wp\/v2\/product"}],"about":[{"href":"https:\/\/sadecicek.com.tr\/index.php\/wp-json\/wp\/v2\/types\/product"}],"replies":[{"embeddable":true,"href":"https:\/\/sadecicek.com.tr\/index.php\/wp-json\/wp\/v2\/comments?post=57"}],"wp:featuredmedia":[{"embeddable":true,"href":"https:\/\/sadecicek.com.tr\/index.php\/wp-json\/wp\/v2\/media\/96"}],"wp:attachment":[{"href":"https:\/\/sadecicek.com.tr\/index.php\/wp-json\/wp\/v2\/media?parent=57"}],"wp:term":[{"taxonomy":"product_brand","embeddable":true,"href":"https:\/\/sadecicek.com.tr\/index.php\/wp-json\/wp\/v2\/product_brand?post=57"},{"taxonomy":"product_cat","embeddable":true,"href":"https:\/\/sadecicek.com.tr\/index.php\/wp-json\/wp\/v2\/product_cat?post=57"},{"taxonomy":"product_tag","embeddable":true,"href":"https:\/\/sadecicek.com.tr\/index.php\/wp-json\/wp\/v2\/product_tag?post=57"}],"curies":[{"name":"wp","href":"https:\/\/api.w.org\/{rel}","templated":true}]}}