{"id":49,"date":"2026-03-05T16:32:08","date_gmt":"2026-03-05T13:32:08","guid":{"rendered":"https:\/\/ozarslan.losmedya.com.tr\/index.php\/urun\/21li-kirmizi-gul-buketi-rainy\/"},"modified":"2026-03-05T22:32:05","modified_gmt":"2026-03-05T19:32:05","slug":"21li-kirmizi-gul-buketi-rainy","status":"publish","type":"product","link":"https:\/\/sadecicek.com.tr\/index.php\/urun\/21li-kirmizi-gul-buketi-rainy\/","title":{"rendered":"21&#8217;li k\u0131rm\u0131z\u0131 g\u00fcl buketi Rainy"},"content":{"rendered":"<p>\u00dcr\u00fcn\u00fcn boyutu 40-45cm<\/p>\n","protected":false},"excerpt":{"rendered":"<p>\u00dcr\u00fcn\u00fcn boyutu 40-45cm<\/p>\n","protected":false},"featured_media":113,"comment_status":"open","ping_status":"closed","template":"","meta":[],"product_brand":[],"product_cat":[15],"product_tag":[],"class_list":{"0":"post-49","1":"product","2":"type-product","3":"status-publish","4":"has-post-thumbnail","6":"product_cat-genel","8":"first","9":"instock","10":"shipping-taxable","11":"purchasable","12":"product-type-simple"},"_links":{"self":[{"href":"https:\/\/sadecicek.com.tr\/index.php\/wp-json\/wp\/v2\/product\/49","targetHints":{"allow":["GET"]}}],"collection":[{"href":"https:\/\/sadecicek.com.tr\/index.php\/wp-json\/wp\/v2\/product"}],"about":[{"href":"https:\/\/sadecicek.com.tr\/index.php\/wp-json\/wp\/v2\/types\/product"}],"replies":[{"embeddable":true,"href":"https:\/\/sadecicek.com.tr\/index.php\/wp-json\/wp\/v2\/comments?post=49"}],"wp:featuredmedia":[{"embeddable":true,"href":"https:\/\/sadecicek.com.tr\/index.php\/wp-json\/wp\/v2\/media\/113"}],"wp:attachment":[{"href":"https:\/\/sadecicek.com.tr\/index.php\/wp-json\/wp\/v2\/media?parent=49"}],"wp:term":[{"taxonomy":"product_brand","embeddable":true,"href":"https:\/\/sadecicek.com.tr\/index.php\/wp-json\/wp\/v2\/product_brand?post=49"},{"taxonomy":"product_cat","embeddable":true,"href":"https:\/\/sadecicek.com.tr\/index.php\/wp-json\/wp\/v2\/product_cat?post=49"},{"taxonomy":"product_tag","embeddable":true,"href":"https:\/\/sadecicek.com.tr\/index.php\/wp-json\/wp\/v2\/product_tag?post=49"}],"curies":[{"name":"wp","href":"https:\/\/api.w.org\/{rel}","templated":true}]}}