{"id":48,"date":"2026-03-05T16:32:08","date_gmt":"2026-03-05T13:32:08","guid":{"rendered":"https:\/\/ozarslan.losmedya.com.tr\/index.php\/urun\/61li-ithal-gul-aranjmani-ocean-sprey\/"},"modified":"2026-03-05T22:34:03","modified_gmt":"2026-03-05T19:34:03","slug":"61li-ithal-gul-aranjmani-ocean-sprey","status":"publish","type":"product","link":"https:\/\/sadecicek.com.tr\/index.php\/urun\/61li-ithal-gul-aranjmani-ocean-sprey\/","title":{"rendered":"61&#8217;li ithal g\u00fcl aranjman\u0131 ocean sprey"},"content":{"rendered":"<p>Kar\u0131\u015f\u0131k bir \u015fekilde sunumu<\/p>\n","protected":false},"excerpt":{"rendered":"<p>Kar\u0131\u015f\u0131k bir \u015fekilde sunumu<\/p>\n","protected":false},"featured_media":114,"comment_status":"open","ping_status":"closed","template":"","meta":[],"product_brand":[],"product_cat":[15],"product_tag":[],"class_list":{"0":"post-48","1":"product","2":"type-product","3":"status-publish","4":"has-post-thumbnail","6":"product_cat-genel","8":"first","9":"instock","10":"shipping-taxable","11":"purchasable","12":"product-type-simple"},"_links":{"self":[{"href":"https:\/\/sadecicek.com.tr\/index.php\/wp-json\/wp\/v2\/product\/48","targetHints":{"allow":["GET"]}}],"collection":[{"href":"https:\/\/sadecicek.com.tr\/index.php\/wp-json\/wp\/v2\/product"}],"about":[{"href":"https:\/\/sadecicek.com.tr\/index.php\/wp-json\/wp\/v2\/types\/product"}],"replies":[{"embeddable":true,"href":"https:\/\/sadecicek.com.tr\/index.php\/wp-json\/wp\/v2\/comments?post=48"}],"wp:featuredmedia":[{"embeddable":true,"href":"https:\/\/sadecicek.com.tr\/index.php\/wp-json\/wp\/v2\/media\/114"}],"wp:attachment":[{"href":"https:\/\/sadecicek.com.tr\/index.php\/wp-json\/wp\/v2\/media?parent=48"}],"wp:term":[{"taxonomy":"product_brand","embeddable":true,"href":"https:\/\/sadecicek.com.tr\/index.php\/wp-json\/wp\/v2\/product_brand?post=48"},{"taxonomy":"product_cat","embeddable":true,"href":"https:\/\/sadecicek.com.tr\/index.php\/wp-json\/wp\/v2\/product_cat?post=48"},{"taxonomy":"product_tag","embeddable":true,"href":"https:\/\/sadecicek.com.tr\/index.php\/wp-json\/wp\/v2\/product_tag?post=48"}],"curies":[{"name":"wp","href":"https:\/\/api.w.org\/{rel}","templated":true}]}}