{"id":47,"date":"2026-03-05T16:32:07","date_gmt":"2026-03-05T13:32:07","guid":{"rendered":"https:\/\/ozarslan.losmedya.com.tr\/index.php\/urun\/21li-lila-gul-aranjmani-tulips\/"},"modified":"2026-03-05T22:34:56","modified_gmt":"2026-03-05T19:34:56","slug":"21li-lila-gul-aranjmani-tulips","status":"publish","type":"product","link":"https:\/\/sadecicek.com.tr\/index.php\/urun\/21li-lila-gul-aranjmani-tulips\/","title":{"rendered":"21&#8217;li Lila G\u00fcl Aranjman\u0131 tulips"},"content":{"rendered":"<p>\u00dcr\u00fcn Detaylar\u0131<\/p>\n","protected":false},"excerpt":{"rendered":"<p>\u00dcr\u00fcn Detaylar\u0131<\/p>\n","protected":false},"featured_media":100,"comment_status":"open","ping_status":"closed","template":"","meta":[],"product_brand":[],"product_cat":[15],"product_tag":[],"class_list":{"0":"post-47","1":"product","2":"type-product","3":"status-publish","4":"has-post-thumbnail","6":"product_cat-genel","8":"first","9":"instock","10":"shipping-taxable","11":"purchasable","12":"product-type-simple"},"_links":{"self":[{"href":"https:\/\/sadecicek.com.tr\/index.php\/wp-json\/wp\/v2\/product\/47","targetHints":{"allow":["GET"]}}],"collection":[{"href":"https:\/\/sadecicek.com.tr\/index.php\/wp-json\/wp\/v2\/product"}],"about":[{"href":"https:\/\/sadecicek.com.tr\/index.php\/wp-json\/wp\/v2\/types\/product"}],"replies":[{"embeddable":true,"href":"https:\/\/sadecicek.com.tr\/index.php\/wp-json\/wp\/v2\/comments?post=47"}],"wp:featuredmedia":[{"embeddable":true,"href":"https:\/\/sadecicek.com.tr\/index.php\/wp-json\/wp\/v2\/media\/100"}],"wp:attachment":[{"href":"https:\/\/sadecicek.com.tr\/index.php\/wp-json\/wp\/v2\/media?parent=47"}],"wp:term":[{"taxonomy":"product_brand","embeddable":true,"href":"https:\/\/sadecicek.com.tr\/index.php\/wp-json\/wp\/v2\/product_brand?post=47"},{"taxonomy":"product_cat","embeddable":true,"href":"https:\/\/sadecicek.com.tr\/index.php\/wp-json\/wp\/v2\/product_cat?post=47"},{"taxonomy":"product_tag","embeddable":true,"href":"https:\/\/sadecicek.com.tr\/index.php\/wp-json\/wp\/v2\/product_tag?post=47"}],"curies":[{"name":"wp","href":"https:\/\/api.w.org\/{rel}","templated":true}]}}